{"id":563,"date":"2024-02-20T09:11:04","date_gmt":"2024-02-20T08:11:04","guid":{"rendered":"https:\/\/bortziriak.ika.eus\/?page_id=563"},"modified":"2024-12-10T13:19:29","modified_gmt":"2024-12-10T12:19:29","slug":"ayudas-economicas","status":"publish","type":"page","link":"https:\/\/bortziriak.ika.eus\/es\/ayudas-economicas\/","title":{"rendered":"Ayudas econ\u00f3micas"},"content":{"rendered":"<section class=\"l-section wpb_row height_medium\"><div class=\"l-section-h i-cf\"><div class=\"g-cols vc_row via_grid cols_2-1 laptops-cols_inherit tablets-cols_inherit mobiles-cols_1 valign_top type_default stacking_default\"><div class=\"wpb_column vc_column_container\"><div class=\"vc_column-inner\"><div class=\"wpb_text_column\"><div class=\"wpb_wrapper\"><p>El sistema de euskaldunizaci\u00f3n y alfabetizaci\u00f3n de Bortziriak dio un gran paso en el curso 2016-2017, al poner en marcha un <strong>plan pionero en toda Navarra<\/strong>. La Mancomunidad del Euskera de Bortziriak ha generalizado el sistema de becas que ha estado hasta ahora y lo ha abierto a todo aquel que est\u00e9 empadronado en Bortziriak, as\u00ed la matr\u00edcula ser\u00e1 <strong>GRATUITA<\/strong> para estos.<\/p>\n<p>M\u00e1s informaci\u00f3n: <a href=\"https:\/\/bortziriak.eus\/diru-laguntza\/euskara-ikasteko-laguntzak-ikasleentzako\/\" target=\"_blank\" rel=\"noopener\">BORTZIRIETAKO EUSKARA MANKOMUNITATEA<\/a><\/p>\n<\/div><\/div><\/div><\/div><div class=\"wpb_column vc_column_container\"><div class=\"vc_column-inner\"><div class=\"w-image align_none\"><div class=\"w-image-h\"><img decoding=\"async\" width=\"900\" height=\"600\" src=\"https:\/\/bortziriak.ika.eus\/wp-content\/uploads\/sites\/10\/2024\/03\/dirulaguntzak.jpg\" class=\"attachment-large size-large\" alt=\"\" loading=\"lazy\" srcset=\"https:\/\/bortziriak.ika.eus\/wp-content\/uploads\/sites\/10\/2024\/03\/dirulaguntzak.jpg 900w, https:\/\/bortziriak.ika.eus\/wp-content\/uploads\/sites\/10\/2024\/03\/dirulaguntzak-300x200.jpg 300w\" sizes=\"auto, (max-width: 900px) 100vw, 900px\" \/><\/div><\/div><\/div><\/div><\/div><\/div><\/section>\n","protected":false},"excerpt":{"rendered":"El sistema de euskaldunizaci\u00f3n y alfabetizaci\u00f3n de Bortziriak dio un gran paso en el curso 2016-2017, al poner en marcha un plan pionero en toda Navarra. La Mancomunidad del Euskera de Bortziriak ha generalizado el sistema de becas que ha estado hasta ahora y lo ha abierto a todo aquel que est\u00e9 empadronado en Bortziriak,...","protected":false},"author":1,"featured_media":0,"parent":0,"menu_order":0,"comment_status":"closed","ping_status":"closed","template":"","meta":{"_acf_changed":false,"footnotes":""},"class_list":["post-563","page","type-page","status-publish","hentry"],"acf":[],"_links":{"self":[{"href":"https:\/\/bortziriak.ika.eus\/es\/wp-json\/wp\/v2\/pages\/563","targetHints":{"allow":["GET"]}}],"collection":[{"href":"https:\/\/bortziriak.ika.eus\/es\/wp-json\/wp\/v2\/pages"}],"about":[{"href":"https:\/\/bortziriak.ika.eus\/es\/wp-json\/wp\/v2\/types\/page"}],"author":[{"embeddable":true,"href":"https:\/\/bortziriak.ika.eus\/es\/wp-json\/wp\/v2\/users\/1"}],"replies":[{"embeddable":true,"href":"https:\/\/bortziriak.ika.eus\/es\/wp-json\/wp\/v2\/comments?post=563"}],"version-history":[{"count":7,"href":"https:\/\/bortziriak.ika.eus\/es\/wp-json\/wp\/v2\/pages\/563\/revisions"}],"predecessor-version":[{"id":1399,"href":"https:\/\/bortziriak.ika.eus\/es\/wp-json\/wp\/v2\/pages\/563\/revisions\/1399"}],"wp:attachment":[{"href":"https:\/\/bortziriak.ika.eus\/es\/wp-json\/wp\/v2\/media?parent=563"}],"curies":[{"name":"wp","href":"https:\/\/api.w.org\/{rel}","templated":true}]}}