{"id":569,"date":"2024-02-20T09:09:52","date_gmt":"2024-02-20T08:09:52","guid":{"rendered":"https:\/\/bortziriak.ika.eus\/?page_id=569"},"modified":"2025-11-18T15:31:01","modified_gmt":"2025-11-18T14:31:01","slug":"sobre-nosotros","status":"publish","type":"page","link":"https:\/\/bortziriak.ika.eus\/es\/sobre-nosotros\/","title":{"rendered":"Sobre nosotros"},"content":{"rendered":"<section class=\"l-section wpb_row height_medium\"><div class=\"l-section-h i-cf\"><div class=\"g-cols vc_row via_grid cols_1 laptops-cols_inherit tablets-cols_inherit mobiles-cols_1 valign_top type_default stacking_default\"><div class=\"wpb_column vc_column_container\"><div class=\"vc_column-inner\">[vc_custom_heading text=\u00bbHistoria\u00bb use_theme_fonts=\u00bbyes\u00bb]<\/div><\/div><\/div><\/div><\/section><section class=\"l-section wpb_row us_custom_b992cee1 height_medium\"><div class=\"l-section-h i-cf\"><div class=\"g-cols vc_row via_grid cols_2-1 laptops-cols_inherit tablets-cols_inherit mobiles-cols_1 valign_top type_default stacking_default\"><div class=\"wpb_column vc_column_container\"><div class=\"vc_column-inner\"><div class=\"wpb_text_column\"><div class=\"wpb_wrapper\"><p>Llevamos desde el curso 1984-1985 ense\u00f1ando euskera a los adultos en Bortziriak. Inicialmente en nombre de AEK y coordinado en la red IKA desde junio de 1989, desde la creaci\u00f3n de dicha red de euskaltegis. En euskera, Ikas y Ari. Ese fue el eslogan que se utiliz\u00f3 en la campa\u00f1a que realizaron los euskaltegis de IKA en septiembre de 1989 y a esas palabras debe su nombre la red de euskaltegis: Ikas eta Ari, IKA.<\/p>\n<p>El proyecto Matxinbeltzenea comenz\u00f3 en 1991 en la casa que lleva el mismo nombre en Lesaka. Durante cuatro cursos, el barnetegi estuvo presente durante todo el a\u00f1o, pero el Gobierno Vasco suprimi\u00f3 la subvenci\u00f3n alegando que estaba ubicada en Navarra en el curso 94-95, por lo que tuvo que cerrar todo el a\u00f1o de actividad y ce\u00f1irse a los meses de verano.<\/p>\n<p>El objetivo es aprender euskera y aprender a hablar euskera. Porque la nuestra es una metodolog\u00eda orientada a conseguir vascoparlantes, porque queremos euskaldunizar a la mayor parte de la gente que sea posible dando clases exclusivamente en euskera, para que el alumno sea capaz de hablar en euskera tan r\u00e1pido como sea posible.<\/p>\n<p>Se trata, en definitiva, de euskaldunizar el pueblo, ense\u00f1ando bien al ciudadano el euskera y procurando que tenga muchas posibilidades de hablarlo. S\u00f3lo as\u00ed avanzar\u00e1 el euskera: aprendiendo euskera y hablando en euskera. As\u00ed que, en euskera, aprende y trabaja.<\/p>\n<\/div><\/div><\/div><\/div><div class=\"wpb_column vc_column_container\"><div class=\"vc_column-inner\"><div class=\"w-image align_none\"><div class=\"w-image-h\"><img decoding=\"async\" width=\"1024\" height=\"768\" src=\"https:\/\/bortziriak.ika.eus\/wp-content\/uploads\/sites\/10\/2024\/12\/92133819.jpg\" class=\"attachment-large size-large\" alt=\"\" loading=\"lazy\" srcset=\"https:\/\/bortziriak.ika.eus\/wp-content\/uploads\/sites\/10\/2024\/12\/92133819.jpg 1024w, https:\/\/bortziriak.ika.eus\/wp-content\/uploads\/sites\/10\/2024\/12\/92133819-300x225.jpg 300w\" sizes=\"auto, (max-width: 1024px) 100vw, 1024px\" \/><\/div><\/div><div class=\"w-separator size_medium\"><\/div><div class=\"w-video align_none ratio_16x9 has_iframe\"><div class=\"w-video-h\"><iframe title=\"Youtube video player\" src=\"\/\/www.youtube.com\/embed\/OEKLuzbeJVw?autoplay=0&controls=1&origin=https:\/\/bortziriak.ika.eus\/es\/&loop=0&mute=0\" allowfullscreen=\"1\" loading=\"lazy\"><\/iframe><\/div><\/div><\/div><\/div><\/div><\/div><\/section>\n","protected":false},"excerpt":{"rendered":"[vc_custom_heading text=\"Historia\" use_theme_fonts=\"yes\"]Llevamos desde el curso 1984-1985 ense\u00f1ando euskera a los adultos en Bortziriak. Inicialmente en nombre de AEK y coordinado en la red IKA desde junio de 1989, desde la creaci\u00f3n de dicha red de euskaltegis. En euskera, Ikas y Ari. Ese fue el eslogan que se utiliz\u00f3 en la campa\u00f1a que realizaron los...","protected":false},"author":1,"featured_media":0,"parent":0,"menu_order":0,"comment_status":"closed","ping_status":"closed","template":"","meta":{"_acf_changed":false,"footnotes":""},"class_list":["post-569","page","type-page","status-publish","hentry"],"acf":[],"_links":{"self":[{"href":"https:\/\/bortziriak.ika.eus\/es\/wp-json\/wp\/v2\/pages\/569","targetHints":{"allow":["GET"]}}],"collection":[{"href":"https:\/\/bortziriak.ika.eus\/es\/wp-json\/wp\/v2\/pages"}],"about":[{"href":"https:\/\/bortziriak.ika.eus\/es\/wp-json\/wp\/v2\/types\/page"}],"author":[{"embeddable":true,"href":"https:\/\/bortziriak.ika.eus\/es\/wp-json\/wp\/v2\/users\/1"}],"replies":[{"embeddable":true,"href":"https:\/\/bortziriak.ika.eus\/es\/wp-json\/wp\/v2\/comments?post=569"}],"version-history":[{"count":11,"href":"https:\/\/bortziriak.ika.eus\/es\/wp-json\/wp\/v2\/pages\/569\/revisions"}],"predecessor-version":[{"id":1427,"href":"https:\/\/bortziriak.ika.eus\/es\/wp-json\/wp\/v2\/pages\/569\/revisions\/1427"}],"wp:attachment":[{"href":"https:\/\/bortziriak.ika.eus\/es\/wp-json\/wp\/v2\/media?parent=569"}],"curies":[{"name":"wp","href":"https:\/\/api.w.org\/{rel}","templated":true}]}}